{"id":1024,"date":"2025-10-31T09:02:36","date_gmt":"2025-10-31T08:02:36","guid":{"rendered":"https:\/\/anigo-berlin.de\/?page_id=1024"},"modified":"2025-11-13T13:12:34","modified_gmt":"2025-11-13T12:12:34","slug":"vision","status":"publish","type":"page","link":"https:\/\/anigo-berlin.de\/en\/vision\/","title":{"rendered":"Vision"},"content":{"rendered":"<div class=\"wp-block-cover alignfull\" style=\"min-height:90vh;aspect-ratio:unset;\"><img loading=\"lazy\" decoding=\"async\" width=\"1024\" height=\"683\" class=\"wp-block-cover__image-background wp-image-1499 size-large\" alt=\"\" src=\"https:\/\/anigo-berlin.de\/wp-content\/uploads\/2025\/11\/1-Prio_Anigo-Space_Team-Berlin-08.10.2024_alushi-kananan_0-11-1024x683.jpg\" data-object-fit=\"cover\" srcset=\"https:\/\/anigo-berlin.de\/wp-content\/uploads\/2025\/11\/1-Prio_Anigo-Space_Team-Berlin-08.10.2024_alushi-kananan_0-11-1024x683.jpg 1024w, https:\/\/anigo-berlin.de\/wp-content\/uploads\/2025\/11\/1-Prio_Anigo-Space_Team-Berlin-08.10.2024_alushi-kananan_0-11-300x200.jpg 300w, https:\/\/anigo-berlin.de\/wp-content\/uploads\/2025\/11\/1-Prio_Anigo-Space_Team-Berlin-08.10.2024_alushi-kananan_0-11-768x512.jpg 768w, https:\/\/anigo-berlin.de\/wp-content\/uploads\/2025\/11\/1-Prio_Anigo-Space_Team-Berlin-08.10.2024_alushi-kananan_0-11-1536x1024.jpg 1536w, https:\/\/anigo-berlin.de\/wp-content\/uploads\/2025\/11\/1-Prio_Anigo-Space_Team-Berlin-08.10.2024_alushi-kananan_0-11-2048x1366.jpg 2048w\" sizes=\"auto, (max-width: 1024px) 100vw, 1024px\" \/><span aria-hidden=\"true\" class=\"wp-block-cover__background has-background-dim-0 has-background-dim\" style=\"background-color:#807066\"><\/span><div class=\"wp-block-cover__inner-container is-layout-flow wp-block-cover-is-layout-flow\">\n<h1 class=\"wp-block-heading has-text-align-center has-base-color has-text-color has-link-color has-xx-large-font-size wp-elements-e9db317e7a44333990c8696a9ddb7554\">&nbsp;an\u00edgo bedeutet: Ich \u00f6ffne <br>\u2013 und genau das tun wir<\/h1>\n<\/div><\/div>\n\n\n\n<div class=\"wp-block-group alignwide has-global-padding is-layout-constrained wp-container-core-group-is-layout-d4123dc8 wp-block-group-is-layout-constrained\" style=\"margin-bottom:var(--wp--preset--spacing--40);padding-top:var(--wp--preset--spacing--40);padding-right:0;padding-bottom:var(--wp--preset--spacing--40);padding-left:0\">\n<p class=\"has-text-align-left has-welcome-web-font-family has-medium-font-size\">Hinter an\u00edgo stehen wir, <strong>Isabell, Mary, Reina und Stipo<\/strong>. Seit vielen Jahren arbeiten wir im gesellschaftspolitischen Bildungsbereich und f\u00fcr gemeinwohl-orientierte Unternehmen und Organisationen. Wir glauben daran, dass Gemeinschaft die Grundlage f\u00fcr Ver\u00e4nderung und Gro\u00dfartiges ist \u2013 und genau deshalb lieben wir es, kollaborativ zu arbeiten. Mit dem an\u00edgo SPACE f\u00fchren wir all diese Anspr\u00fcche an einen Ort zusammen.<\/p>\n\n\n\n<p class=\"has-text-align-left has-welcome-web-font-family\"><strong>Der an\u00edgo SPACE ist ein solidarischer Event Space, den wir gemeinsam ins Leben gerufen haben. <\/strong>F\u00fcr unsere eigenen Projekte und f\u00fcr alle, die sonst keinen Raum finden.&nbsp;<\/p>\n\n\n\n<p class=\"has-text-align-left has-welcome-web-font-family\"><strong>Solidarisch hei\u00dft f\u00fcr uns:<\/strong> Wenn Unternehmen unsere R\u00e4ume buchen, erm\u00f6glichen sie damit, dass NGOs, Bildungsinitiativen und Community-Projekte den an\u00edgo SPACE kostenlos oder verg\u00fcnstigt nutzen k\u00f6nnen. <strong>So wird jede Buchung zu einem Beitrag f\u00fcr mehr Gerechtigkeit.<\/strong><\/p>\n\n\n\n<p class=\"has-text-align-left has-welcome-web-font-family\">Gerade im Bereich Bildung ist dieses Prinzip f\u00fcr uns zentral. Denn wir wissen: <strong>Bildung kann T\u00fcren \u00f6ffnen oder verschlossen halten<\/strong>. Viele Menschen erleben, dass ihre Perspektiven und Erfahrungen in Bildungsr\u00e4umen wenig Platz finden. Gemeinsam mit dem Bildungsverein duvia, mit dem wir eng zusammenarbeiten, setzen wir uns deshalb seit vielen Jahren f\u00fcr <strong>Bildung ein, die Vielfalt st\u00e4rkt, Ungleichheiten abbaut und Menschen ermutigt, ihre Stimme zu erheben.<\/strong> Der an\u00edgo SPACE ist auch ein Zuhause f\u00fcr diese Arbeit und er\u00f6ffnet gleichzeitig anderen Bildungsinitiativen R\u00e4ume, die sie sonst nicht h\u00e4tten.<\/p>\n\n\n\n<p class=\"has-text-align-left has-welcome-web-font-family\">Wir wissen, wie es sich anf\u00fchlt, keinen Raum zu haben \u2013 und wie viel Kraft es kostet, sich seinen eigenen zu schaffen. <strong>Darum \u00f6ffnen wir T\u00fcren.<\/strong><\/p>\n\n\n\n<p class=\"has-text-align-left has-welcome-web-font-family\">\u201ean\u00edgo\u201c ist griechisch und bedeutet: Ich \u00f6ffne.<\/p>\n\n\n\n<p class=\"has-text-align-left has-welcome-web-font-family\">Und genau das wollen wir: <strong>R\u00e4ume \u00f6ffnen f\u00fcr Perspektiven, Ideen und Menschen, die oft \u00fcbersehen werden.<\/strong><\/p>\n\n\n\n<p class=\"has-text-align-left has-welcome-web-font-family has-medium-font-size\">Der an\u00edgo SPACE in Berlin-Kreuzberg ist modern, funktional und vor allem: <strong>offen f\u00fcr alle, die etwas bewegen wollen.<\/strong><\/p>\n<\/div>","protected":false},"excerpt":{"rendered":"<p>Hinter an\u00edgo stehen wir, Isabell, Mary, Reina und Stipo. Seit vielen Jahren arbeiten wir im gesellschaftspolitischen Bildungsbereich und f\u00fcr gemeinwohl-orientierte Unternehmen und Organisationen. Wir glauben daran, dass Gemeinschaft die Grundlage f\u00fcr Ver\u00e4nderung und Gro\u00dfartiges ist \u2013 und genau deshalb lieben wir es, kollaborativ zu arbeiten. Mit dem an\u00edgo SPACE f\u00fchren wir all diese Anspr\u00fcche an [&hellip;]<\/p>\n","protected":false},"author":1,"featured_media":0,"parent":0,"menu_order":0,"comment_status":"closed","ping_status":"closed","template":"wp-custom-template-default-2025-ohne-titel","meta":{"footnotes":""},"class_list":["post-1024","page","type-page","status-publish","hentry"],"_links":{"self":[{"href":"https:\/\/anigo-berlin.de\/en\/wp-json\/wp\/v2\/pages\/1024","targetHints":{"allow":["GET"]}}],"collection":[{"href":"https:\/\/anigo-berlin.de\/en\/wp-json\/wp\/v2\/pages"}],"about":[{"href":"https:\/\/anigo-berlin.de\/en\/wp-json\/wp\/v2\/types\/page"}],"author":[{"embeddable":true,"href":"https:\/\/anigo-berlin.de\/en\/wp-json\/wp\/v2\/users\/1"}],"replies":[{"embeddable":true,"href":"https:\/\/anigo-berlin.de\/en\/wp-json\/wp\/v2\/comments?post=1024"}],"version-history":[{"count":10,"href":"https:\/\/anigo-berlin.de\/en\/wp-json\/wp\/v2\/pages\/1024\/revisions"}],"predecessor-version":[{"id":1500,"href":"https:\/\/anigo-berlin.de\/en\/wp-json\/wp\/v2\/pages\/1024\/revisions\/1500"}],"wp:attachment":[{"href":"https:\/\/anigo-berlin.de\/en\/wp-json\/wp\/v2\/media?parent=1024"}],"curies":[{"name":"wp","href":"https:\/\/api.w.org\/{rel}","templated":true}]}}