{"id":25,"date":"2024-08-06T16:28:40","date_gmt":"2024-08-06T14:28:40","guid":{"rendered":"http:\/\/anigo-berlin.de\/?page_id=25"},"modified":"2025-03-20T18:20:53","modified_gmt":"2025-03-20T17:20:53","slug":"ueber-uns","status":"publish","type":"page","link":"https:\/\/anigo-berlin.de\/en\/ueber-uns\/","title":{"rendered":"\u00dcber uns"},"content":{"rendered":"<div class=\"wp-block-group alignwide is-vertical is-content-justification-center is-layout-flex wp-container-core-group-is-layout-37097ddb wp-block-group-is-layout-flex\" style=\"margin-bottom:var(--wp--preset--spacing--40);padding-right:0;padding-left:0\">\n<figure class=\"wp-block-image size-large\"><img loading=\"lazy\" decoding=\"async\" width=\"1024\" height=\"683\" src=\"https:\/\/anigo-berlin.de\/wp-content\/uploads\/2024\/10\/anigo_Teamfoto-1024x683.jpg\" alt=\"\" class=\"wp-image-339\" srcset=\"https:\/\/anigo-berlin.de\/wp-content\/uploads\/2024\/10\/anigo_Teamfoto-1024x683.jpg 1024w, https:\/\/anigo-berlin.de\/wp-content\/uploads\/2024\/10\/anigo_Teamfoto-300x200.jpg 300w, https:\/\/anigo-berlin.de\/wp-content\/uploads\/2024\/10\/anigo_Teamfoto-768x512.jpg 768w, https:\/\/anigo-berlin.de\/wp-content\/uploads\/2024\/10\/anigo_Teamfoto-1536x1024.jpg 1536w, https:\/\/anigo-berlin.de\/wp-content\/uploads\/2024\/10\/anigo_Teamfoto-2048x1366.jpg 2048w\" sizes=\"auto, (max-width: 1024px) 100vw, 1024px\" \/><\/figure>\n\n\n\n<p class=\"has-text-align-center has-large-font-size\">Hinter an\u00edgo stecken Isabell, Mary, Reina und Stipo. Wir arbeiten seit vielen Jahren im (gesellschaftspolitischen) Bildungsbereich und f\u00fcr gemeinwohlorientierte Unternehmen und Organisationen. Wir glauben daran, dass Gemeinschaft die Grundlage f\u00fcr Ver\u00e4nderungen und Gro\u00dfartiges ist. Deshalb lieben wir es auch, kollaborativ zu arbeiten.&nbsp;<\/p>\n\n\n\n<p class=\"has-text-align-center has-large-font-size\">Der an\u00edgo SPACE f\u00fchrt all unsere Anspr\u00fcche an einen Ort, der zum gemeinschaftlichen Arbeiten und zum Etwas-Bewegen einl\u00e4dt, zusammen. Wir haben uns hier Raum f\u00fcr unsere Arbeit und die Themen, die uns pers\u00f6nlich und gesellschaftlich am Herzen liegen, geschaffen. Wir freuen uns darauf, diesen Raum mit Euch und Euren Themen zu teilen!<\/p>\n\n\n\n<p class=\"has-text-align-center has-large-font-size\">Mehr Infos zu uns findet Ihr auf unserer <a href=\"https:\/\/de.linkedin.com\/company\/anigospace\">LinkedIn<\/a>&#8211; und <a href=\"https:\/\/www.instagram.com\/anigo_space\/\">Instagram<\/a>-Seite.<\/p>\n<\/div>","protected":false},"excerpt":{"rendered":"<p>Hinter an\u00edgo stecken Isabell, Mary, Reina und Stipo. Wir arbeiten seit vielen Jahren im (gesellschaftspolitischen) Bildungsbereich und f\u00fcr gemeinwohlorientierte Unternehmen und Organisationen. Wir glauben daran, dass Gemeinschaft die Grundlage f\u00fcr Ver\u00e4nderungen und Gro\u00dfartiges ist. Deshalb lieben wir es auch, kollaborativ zu arbeiten.&nbsp; Der an\u00edgo SPACE f\u00fchrt all unsere Anspr\u00fcche an einen Ort, der zum gemeinschaftlichen [&hellip;]<\/p>\n","protected":false},"author":1,"featured_media":0,"parent":0,"menu_order":0,"comment_status":"closed","ping_status":"closed","template":"","meta":{"footnotes":""},"class_list":["post-25","page","type-page","status-publish","hentry"],"_links":{"self":[{"href":"https:\/\/anigo-berlin.de\/en\/wp-json\/wp\/v2\/pages\/25","targetHints":{"allow":["GET"]}}],"collection":[{"href":"https:\/\/anigo-berlin.de\/en\/wp-json\/wp\/v2\/pages"}],"about":[{"href":"https:\/\/anigo-berlin.de\/en\/wp-json\/wp\/v2\/types\/page"}],"author":[{"embeddable":true,"href":"https:\/\/anigo-berlin.de\/en\/wp-json\/wp\/v2\/users\/1"}],"replies":[{"embeddable":true,"href":"https:\/\/anigo-berlin.de\/en\/wp-json\/wp\/v2\/comments?post=25"}],"version-history":[{"count":7,"href":"https:\/\/anigo-berlin.de\/en\/wp-json\/wp\/v2\/pages\/25\/revisions"}],"predecessor-version":[{"id":706,"href":"https:\/\/anigo-berlin.de\/en\/wp-json\/wp\/v2\/pages\/25\/revisions\/706"}],"wp:attachment":[{"href":"https:\/\/anigo-berlin.de\/en\/wp-json\/wp\/v2\/media?parent=25"}],"curies":[{"name":"wp","href":"https:\/\/api.w.org\/{rel}","templated":true}]}}