{"id":434,"date":"2024-10-21T13:21:15","date_gmt":"2024-10-21T11:21:15","guid":{"rendered":"https:\/\/anigo-berlin.de\/?page_id=434"},"modified":"2025-11-13T13:38:00","modified_gmt":"2025-11-13T12:38:00","slug":"agb","status":"publish","type":"page","link":"https:\/\/anigo-berlin.de\/en\/agb\/","title":{"rendered":"Allgemeine Gesch\u00e4ftsbedingungen"},"content":{"rendered":"<style>header svg #Home-3 {fill:#000;} header .wp-block-navigation {color: #000!important;}<\/style>\n\n\n\n<h1 class=\"wp-block-heading has-text-align-center has-x-large-font-size\" style=\"margin-top:var(--wp--preset--spacing--60);margin-bottom:var(--wp--preset--spacing--40)\">Allgemeine Gesch\u00e4ftsbedingungen<\/h1>\n\n\n\n<p class=\"has-text-align-center\" style=\"margin-bottom:var(--wp--preset--spacing--50)\">Allgemeine Gesch\u00e4ftsbedingungen des Unternehmens an\u00edgo GmbH<br>Urbanstra\u00dfe 36, 10967 Berlin<\/p>\n\n\n\n<h2 class=\"wp-block-heading\">1. Geltungsbereich<\/h2>\n\n\n\n<p>Die nachfolgenden Allgemeinen Gesch\u00e4ftsbedingungen gelten f\u00fcr s\u00e4mtliche Leistungen der an\u00edgo GmbH, nachfolgend an\u00edgo genannt, die diese gegen\u00fcber ihren Vertragspartner*innen, nachfolgend Kund*innen (Kund*in) genannt, bei der Buchung von R\u00e4umen und Durchf\u00fchrung von Veranstaltungen erbringt.&nbsp;<\/p>\n\n\n\n<p>Abweichende Allgemeine Gesch\u00e4ftsbedingungen des*der Kund*in haben keine Geltung, es sei denn, an\u00edgo stimmt deren Geltung ausdr\u00fccklich schriftlich zu.<\/p>\n\n\n\n<p>Das Angebot richtet sich sowohl an Kund*innen im Sinne von \u00a7 13 des B\u00fcrgerlichen Gesetzbuches (BGB), als auch an Unternehmer*innen im Sinne von \u00a7 14 BGB.<\/p>\n\n\n\n<p>Dem*der Kund*in ist bekannt, dass seine*ihre Daten bei an\u00edgo gespeichert werden k\u00f6nnen.<\/p>\n\n\n\n<h2 class=\"wp-block-heading\">2. Raumvermietung und Leistungen<\/h2>\n\n\n\n<p>an\u00edgo erbringt die Veranstaltungsleistungen (\u00dcberlassung von R\u00e4umlichkeiten, Inventar, Technik und Serviceleistungen) auf der Grundlage eines aktuellen Angebots seitens an\u00edgo.<\/p>\n\n\n\n<p>Eine Buchungsanfrage und die Eingangsbest\u00e4tigung der Buchungsanfrage stellen keine verbindliche Annahme dar. Terminreservierungen sind bis zum Vertragsabschluss freibleibend und unverbindlich.<\/p>\n\n\n\n<p>Der Vertrag kommt erst nach der Annahme des durch an\u00edgo versendeten Angebots an den*die Kundin*in zustande. Die Annahme ist durch eine Unterschrift auf dem Angebot durch den*die Kund*in und in Verbindung mit einer Best\u00e4tigung durch an\u00edgo verbindlich.<\/p>\n\n\n\n<p>Das Vertragsverh\u00e4ltnis gilt nur f\u00fcr den*die Kund*in und kann nicht \u00fcbertragen werden. Eine Unter- und Weitervermietung der \u00fcberlassenen R\u00e4ume sowie deren Nutzung zu anderen als den vereinbarten Zwecken ist nicht erlaubt.<br>Insbesondere ist dem*der Kund*in untersagt, die ihm*ihr zur Verf\u00fcgung gestellten Eingangsschl\u00fcssel oder sonstige Zugangsberechtigungen zu verleihen oder Dritten zur Benutzung zu \u00fcberlassen.<\/p>\n\n\n\n<p>Der*die Kund*in kann kurzfristig im Vorfeld der Raummiete Zusatzleistungen von an\u00edgo auf der Grundlage des jeweils g\u00fcltigen Angebots anfragen. Diese Zusatzleistungen werden in einem Zusatzangebot festgehalten und gesondert von dem*der Kund*in zu verg\u00fcten.<\/p>\n\n\n\n<p>Vor der Nutzung der R\u00e4ume durch den*die Kund*in wird der Veranstaltungsraum durch den*die Kund*in (Vertreter*in) einschlie\u00dflich der technischen Einrichtungen besichtigt. Wenn der*die Kund*in M\u00e4ngel oder Besch\u00e4digungen feststellt, sind diese schriftlich festzuhalten und an\u00edgo unverz\u00fcglich anzuzeigen.&nbsp;<\/p>\n\n\n\n<p>Werbung und Werbema\u00dfnahmen im und\/oder vor dem Veranstaltungsraum d\u00fcrfen nur mit ausdr\u00fccklicher Zustimmung von an\u00edgo erfolgen. Anzeigen (Print, Online), die Einladungen zu Verkaufsveranstaltungen etc. in den R\u00e4umen von an\u00edgo enthalten, bed\u00fcrfen grunds\u00e4tzlich der vorherigen schriftlichen Zustimmung seitens an\u00edgo. Erfolgt eine Ver\u00f6ffentlichung ohne Zustimmung, so ist an\u00edgo zum R\u00fccktritt vom Vertrag berechtigt.<\/p>\n\n\n\n<h2 class=\"wp-block-heading\">3. Angebotsbindung und Rechnungslegung&nbsp;<\/h2>\n\n\n\n<p>Bei Annahme des Angebots durch den*die Kund*in verpflichtet sich an\u00edgo, die von dem*der Kund*in bestellten und an\u00edgo zugesagten Leistungen und Lieferungen zu erbringen sowie die gebuchten R\u00e4ume bereitzustellen.&nbsp;<\/p>\n\n\n\n<p>Der*die Kund*in ist verpflichtet, f\u00fcr die im Angebot festgehaltenen und in Anspruch genommenen Leistungen, die vereinbarten Preise rechtzeitig innerhalb von 14 Tagen nach Rechnungsstellung an die an\u00edgo GmbH zu zahlen.&nbsp;<\/p>\n\n\n\n<p>Hat der*die Kund*in ein Angebot erhalten, sind die angefragten R\u00e4ume f\u00fcr 72 Stunden verbindlich reserviert. Eine Verl\u00e4ngerung der Inanspruchnahme der verbindlichen Buchungsoption bedarf der vorherigen Absprache mit an\u00edgo. an\u00edgo beh\u00e4lt sich das Recht vor, nach Ablauf der 72 Stunden oder der verhandelten Option die R\u00e4umlichkeiten anderweitig zu vergeben.<\/p>\n\n\n\n<p>Alle Preise sind Nettopreise zuz\u00fcglich der jeweils g\u00fcltigen gesetzlichen Umsatzsteuer, sofern nicht anders gekennzeichnet.<\/p>\n\n\n\n<p>an\u00edgo GmbH ist berechtigt, der*dem Kund*in Rechnungen und sonstige Schreiben per E-Mail zu \u00fcbermitteln.<\/p>\n\n\n\n<p>Die Bezahlung der Rechnung erfolgt durch \u00dcberweisung auf folgendes Konto: an\u00edgo GmbH, solarisBank, IBAN DE42 1101 0100 2502 5715 59, BIC: SOBKDEBBXXX.<\/p>\n\n\n\n<p>Bei Zahlungsverzug ruhen die Leistungsverpflichtungen von an\u00edgo nebst seiner Haftung, ohne dass der*die Kund*in von der Verpflichtung zur Zahlung entbunden ist. an\u00edgo ist berechtigt Verzugszinsen in H\u00f6he des gesetzlich normierten Zinssatzes von dem*der Kund*in zu verlangen. Die Verpflichtung zur Zahlung von Verzugszinsen schlie\u00dft die Geltendmachung weiterer Verzugssch\u00e4den nicht aus.<\/p>\n\n\n\n<p>F\u00fcr die Nichteinl\u00f6sung von Lastschriften bzw. die sp\u00e4tere R\u00fccknahme von Gutschriften vereinbaren die Parteien eine pauschale Kostenentsch\u00e4digung von 15 EUR pro Fall. Die Geltendmachung eines h\u00f6heren Schadens wird hierdurch nicht ausgeschlossen.<\/p>\n\n\n\n<h2 class=\"wp-block-heading\">4. <br>Nutzungsbedingungen und Haftung<\/h2>\n\n\n\n<p>an\u00edgo stellt die dem*der Kund*in \u00fcberlassenen Veranstaltungsr\u00e4ume nur zu dem vereinbarten Zweck bereit. Das Vertragsverh\u00e4ltnis bezieht sich ausschlie\u00dflich auf die im Vertrag vereinbarten R\u00e4ume.<\/p>\n\n\n\n<p>Der*die Kund*in ist auf seine Kosten zur Einbringung von Anlagen und Ausstattung, die zur Verwirklichung des Vertragszwecks erforderlich sind, berechtigt und zur vollst\u00e4ndigen und r\u00fcckstandslosen Entfernung aller eingebrachten Gegenst\u00e4nde zum Ende der Veranstaltung verpflichtet.<\/p>\n\n\n\n<p>Eingebrachte Transportverpackungen, Umverpackungen und alle sonstigen Verpackungsmaterialien sind von dem*der Kund*in auf eigene Kosten und ordnungsgem\u00e4\u00df zu entsorgen.&nbsp;<\/p>\n\n\n\n<p>Die m\u00f6glichen Nutzungszeiten der R\u00e4umlichkeiten sind, sofern nicht anders vereinbart, von Montag bis Samstag von 8:00 Uhr bis 21:00 Uhr, am Sonntag von 08:00 \u2013 20:00 Uhr. Kund*innen d\u00fcrfen sich au\u00dferhalb dieser Zeiten nicht mehr im Geb\u00e4ude aufhalten. Die genaue Mietdauer ist im jeweiligen Angebot festgehalten.<\/p>\n\n\n\n<p>Der*die Kund*in ist verpflichtet, das ihm zur Nutzung \u00fcberlassene Veranstaltungsobjekt, zum Zeitpunkt der Beendigung des Vertragsverh\u00e4ltnisses in vertragsgem\u00e4\u00dfen Zustand ohne Besch\u00e4digungen besenrein zur\u00fcckzugeben. Festgestellte, von dem*der Kund*in und\/oder dessen*dessen Besucher*innen verursachte Sch\u00e4den, werden auf Kosten des*der Kund*in von an\u00edgo instand gesetzt.<\/p>\n\n\n\n<p>Der*die Kund*in verpflichtet sich, das ihm \u00fcberlassene Veranstaltungsobjekt nur f\u00fcr die nach den jeweiligen beh\u00f6rdlichen Bestimmungen zul\u00e4ssigen Zwecke und damit verbundenen Auflagen zu nutzen. Die Durchf\u00fchrung der Veranstaltung darf keine f\u00fcr die Vermieter*innen, Eigent\u00fcmer*innen oder Nutzungsberechtigte benachbarter Grundst\u00fccke unzumutbare Bel\u00e4stigung jeglicher Art herbeif\u00fchren. Der*die Kund*in hat die geltenden Vorschriften \u00fcber die Schallemissionen und damit verbunden die Immissionsrichtwerte einzuhalten.<\/p>\n\n\n\n<p>Der*die Kund*in tr\u00e4gt die Verantwortung f\u00fcr den ordnungsgem\u00e4\u00dfen und st\u00f6rungsfreien Ablauf seiner Veranstaltung. Er*sie hat alle erforderlichen Sicherheitsma\u00dfnahmen zu treffen sowie die einschl\u00e4gigen gesetzlichen Vorschriften in ihrer jeweils g\u00fcltigen Fassung zu beachten.<\/p>\n\n\n\n<p>Dekorationen, Reklame und sonstige Gegenst\u00e4nde und Auf- und Einbauten m\u00fcssen den aktuell g\u00fcltigen Brandschutzbestimmungen und ma\u00dfgeblichen Ordnungsvorschriften entsprechen. Sie d\u00fcrfen nur mit Genehmigung von an\u00edgo eingebracht werden.<\/p>\n\n\n\n<p>Werbung und Werbema\u00dfnahmen im und\/oder vor dem Veranstaltungsraum d\u00fcrfen nur mit ausdr\u00fccklicher Zustimmung von an\u00edgo erfolgen.<\/p>\n\n\n\n<p>N\u00e4gel, Schrauben, Nieten, \u00d6sen usw. d\u00fcrfen zur Befestigung von Dekorationen in den B\u00f6den, die W\u00e4nde, in Decken oder Einrichtungsgegenst\u00e4nden nicht eingeschlagen oder geschraubt werden. Der Gebrauch von Klebeband an den Innenw\u00e4nden der \u00fcberlassenen R\u00e4umlichkeiten ist nur mit der Genehmigung von an\u00edgo erlaubt.<\/p>\n\n\n\n<p>G\u00e4nge, Notausg\u00e4nge, Feuerl\u00f6scheinrichtungen und Feuermelder d\u00fcrfen nicht verstellt oder verh\u00e4ngt werden. Die Ausg\u00e4nge m\u00fcssen w\u00e4hrend der Veranstaltung unverschlossen sein. Das ebenerdige Verlegen von Kabelleitungen o. \u00c4. durch Fluchtwege ist verboten. Die Rettungswege und Zug\u00e4nge zu Feuerl\u00f6scheinrichtungen und Feuermeldern m\u00fcssen zu jeder Zeit freigehalten und d\u00fcrfen weder verh\u00e4ngt, verschlossen oder verstellt werden.<\/p>\n\n\n\n<p>Das Rauchen ist in allen zug\u00e4nglichen R\u00e4umen dem*der Kund*in und seinen*ihren Besucher*innen verboten.<\/p>\n\n\n\n<p>Der*die Kund*in hat daf\u00fcr Sorge zu tragen, dass die Veranstaltung zu dem vertraglich vereinbarten Zeitpunkt beendet ist und die benutzten R\u00e4ume ger\u00e4umt und besenrein in vertragsgerechtem Zustand an an\u00edgo zur\u00fcckgegeben werden.<\/p>\n\n\n\n<p>Der*die Kundin ist verpflichtet, sich an die geltenden Hygienerichtlinien zu halten.<\/p>\n\n\n\n<p>Das Hausrecht verbleibt in allen Veranstaltungsr\u00e4umen jederzeit bei an\u00edgo.<\/p>\n\n\n\n<p>Soweit erforderlich, haben an\u00edgo und von an\u00edgo beauftragte Personen jederzeit Zutritt zu den vermieteten R\u00e4umen. Sie d\u00fcrfen in der Aus\u00fcbung ihrer T\u00e4tigkeit nicht behindert werden.<\/p>\n\n\n\n<p>Der*die Kund*in obliegen auf eigene Kosten die nachstehenden Verpflichtungen:<\/p>\n\n\n\n<p>Einholung jeglicher f\u00fcr die eigene Veranstaltung notwendiger beh\u00f6rdlicher Genehmigungen.<\/p>\n\n\n\n<p>Einhaltung der geltenden Bestimmungen des Urheberrechts in Bezug auf Musik-, Wort-, Bild- und sonstige Rechte der bei seiner Veranstaltung zum Einsatz kommenden Werke. Entsprechende Geb\u00fchren (z. B. bei der Gema, KSK) sind durch den*die Kund*in abzuf\u00fchren.<\/p>\n\n\n\n<p>Einhaltung und Durchsetzung des vereinbarten Rauchverbotes sowie den Vorschriften des Berliner Nichtraucherschutzgesetzes innerhalb der Veranstaltungsr\u00e4ume.<\/p>\n\n\n\n<p>Der*die Kund*in hat zur reibungslosen Vorbereitung und Durchf\u00fchrung seiner Veranstaltung s\u00e4mtliche veranstaltungsbezogenen Informationen, die nicht bereits Teil des Angebots sind, sp\u00e4testens 14 Tage vor Veranstaltungstermin an\u00edgo bekannt zu geben. Kommt er*sie dieser Verpflichtung nicht nach und kann an\u00edgo deshalb die notwendige technische und personelle Ausstattung nicht mehr oder nicht mehr zu den angebotenen Preisen zur Verf\u00fcgung stellen.<\/p>\n\n\n\n<p>Mitgef\u00fchrte (pers\u00f6nliche) Gegenst\u00e4nde des*der Kund*in und ihrer Besucher*innen, sowie durch den*die Kund*in angemietete Gegenst\u00e4nde befinden sich auf eigene Gefahr der Kund*in in den Veranstaltungsr\u00e4umen. an\u00edgo \u00fcbernimmt f\u00fcr Verlust oder Besch\u00e4digung keine Haftung.<\/p>\n\n\n\n<p>Kann die vertraglich festgelegte Veranstaltung aufgrund h\u00f6herer Gewalt nicht stattfinden, werden die Parteien von den vertraglichen Pflichten frei und jede*r Vertragspartner*in tr\u00e4gt seine*ihre Kosten selbst.<\/p>\n\n\n\n<p>Anspr\u00fcche des*der Kund*in gegen die an\u00edgo GmbH auf Schadensersatz sind ausgeschlossen. Hiervon ausgenommen sind Sch\u00e4den aus der Verletzung des Lebens, des K\u00f6rpers oder der Gesundheit der*des Kund*in, die auf einer fahrl\u00e4ssigen Pflichtverletzung von Seiten der an\u00edgo GmbH oder einer vors\u00e4tzlichen oder fahrl\u00e4ssigen Pflichtverletzung eines gesetzlichen Vertreters oder Erf\u00fcllungsgehilfen des Unternehmens beruhen.<\/p>\n\n\n\n<p>Der*die Kund*in haftet f\u00fcr alle, insbesondere durch ihn selbst, dessen Beauftragte, Teilnehmende, G\u00e4ste oder sonstige Dritte im Zusammenhang mit der Veranstaltung verursachten Personen- und Sachsch\u00e4den und befreit an\u00edgo von allen Schadensersatzanspr\u00fcchen, die im Zusammenhang mit der Veranstaltung geltend gemacht werden k\u00f6nnen.<\/p>\n\n\n\n<p>Der*die Kund*in tr\u00e4gt das gesamte Risiko der Veranstaltung einschlie\u00dflich ihrer Vorbereitung und nachfolgenden Abwicklung, soweit nichts anderes vereinbart worden ist. F\u00fcr alle Sch\u00e4den, die durch die Kund*in, seine*ihre Mitarbeitende, Teilnehmende und Besucher*innen der Veranstaltung, die aus Anlass der Benutzung der R\u00e4ume entstehen, haftet der*die Kund*in. Der*die Kund*in haftet insbesondere f\u00fcr Sch\u00e4den, die am Geb\u00e4ude oder Inventar des jeweiligen Veranstaltungsobjekts durch Anbringung von Dekorationen oder Reklame, durch Einbringen fremder oder Ver\u00e4nderungen eigener Einrichtungsgegenst\u00e4nde sowie f\u00fcr Sch\u00e4den, die durch fahrl\u00e4ssigen Umgang mit Sanit\u00e4r- und Heizungsanlagen entstehen.<\/p>\n\n\n\n<p>Werden infolge von Verst\u00f6\u00dfen gegen die AGB, Regelungen aus dem Vertrag oder sonstigen vertraglichen Vereinbarungen zwischen dem*der Kund*in und&nbsp; an\u00edgo Ordnungswidrigkeiten oder Bu\u00dfgelder gegen an\u00edgo oder gegen ihre Erf\u00fcllungs- und Verrichtungsgehilfen \u2013 zum Beispiel auf Grundlage des \u00a7 32 Absatz 5 Satz 2 BetrVO (Betreiberhaftung) \u2013 festgesetzt, ist der*die Kund*in zur unverz\u00fcglichen \u00dcbernahme bzw. zur Erstattung der festgesetzten Ordnungswidrigkeiten und Bu\u00dfgelder verpflichtet, soweit deren Festsetzung auf Pflichtverletzungen beruhen, die die Kund*in oder seine*ihre Erf\u00fcllungs- und Verrichtungsgehilfen oder sonstige Dritte (G\u00e4ste, Veranstaltungsteilnehmer usw..) zu vertreten haben. Die \u00dcbernahme und Freistellungsverpflichtung erstreckt sich auch auf solche Bu\u00dfgelder, die aufgrund anderer \u00f6ffentlich rechtlicher Vorschriften z. B. aufgrund polizeirechtlicher Vorschriften oder aufgrund beh\u00f6rdlicher Anordnungen gegen das an\u00edgo oder ihre Erf\u00fcllungs- und Verrichtungsgehilfen festgesetzt werden. an\u00edgo wird jede Festsetzung von Ordnungswidrigkeiten und Bu\u00dfgeldern, die in den Verantwortungsbereich den*die Kund*in fallen, unverz\u00fcglich an den*die Kund*in weiterleiten. Der*die Kund*in ist berechtigt von an\u00edgo zu verlangen, Widerspruch und Klage gegen entsprechende Festsetzungen einzureichen. In einem solchen Fall ist der*die Kund*in verpflichtet, die hierdurch entstehenden Rechtsverfolgungskosten vollst\u00e4ndig zu \u00fcbernehmen und an\u00edgo insoweit vollst\u00e4ndig freizuhalten.<\/p>\n\n\n\n<p>Der*die Kund*in ist verpflichtet, sich um eine geeignete und ausreichende Versicherung (Haftpflichtversicherung zur Deckung von Personen- und Sachsch\u00e4den, ggf. Veranstaltungsversicherung usw.) zu k\u00fcmmern.<\/p>\n\n\n\n<h2 class=\"wp-block-heading\">5. K\u00fcndigung, Abbruch der Veranstaltung und Anspr\u00fcche<\/h2>\n\n\n\n<p>Der zwischen an\u00edgo und dem*der Kund*in geschlossene Vertrag kann durch an\u00edgo au\u00dferordentlich aus wichtigem Grund gek\u00fcndigt werden.&nbsp;<\/p>\n\n\n\n<p>Ein wichtiger Grund liegt in der Regel vor, wenn:<\/p>\n\n\n\n<p>durch die beabsichtigte Veranstaltung eine St\u00f6rung der \u00f6ffentlichen Sicherheit und Ordnung oder Personen-, Sachsch\u00e4den oder Gewalt zu bef\u00fcrchten sind;<\/p>\n\n\n\n<p>der*die Kund*in den Veranstaltungszweck ohne Zustimmung von an\u00edgo \u00e4ndert<\/p>\n\n\n\n<p>der Nachweis von gesetzlich erforderlichen Anmeldungen oder Genehmigungen trotz Aufforderung von an\u00edgo durch den*die Kund*in nicht erbracht wird;<\/p>\n\n\n\n<p>an\u00edgo nach Abschluss des Vertrages von Umst\u00e4nden Kenntnis erlangt, aus denen sich bei vern\u00fcnftiger Betrachtungsweise unter Abw\u00e4gung aller Umst\u00e4nde Anlass zur Sorge gibt, dass die von der*die Kund*in geplante Veranstaltung bestehenden Gesetzen zuwider l\u00e4uft und\/oder die Gefahr einer St\u00f6rung der \u00f6ffentlichen Ordnung und Sicherheit darstellt und\/oder die berechtigte Sorge dazu besteht, dass Besucher*innen, Personal, Passant*innen oder andere Personen gesch\u00e4digt oder die Veranstaltungsobjekte besch\u00e4digt werden;<\/p>\n\n\n\n<p>die Zahlungsf\u00e4higkeit der*des Kund*in nicht oder nicht mehr gegeben ist;<\/p>\n\n\n\n<p>ein Versto\u00df gegen die Hausordnung vorliegt und\/oder ein Versto\u00df gegen die AGBs vorliegt.<\/p>\n\n\n\n<p>an\u00edgo beh\u00e4lt sich ferner das Recht vor, bei Verst\u00f6\u00dfen gegen die AGBs und\/oder Hausordnung einzelne Veranstaltungsteilnehmer*innen von Veranstaltung*innen in den vermieteten R\u00e4umen auszuschlie\u00dfen und ihnen Hausverbot zu erteilen.<\/p>\n\n\n\n<p>Macht an\u00edgo von der fristlosen K\u00fcndigung Gebrauch, so hat der*die Kund*in weder einen Anspruch auf Schadenersatz noch auf Ersatz seiner Auslagen, seines entgangenen Gewinns oder anderer Anspr\u00fcche.<\/p>\n\n\n\n<p>Endet das Vertragsverh\u00e4ltnis durch eine fristlose K\u00fcndigung aus wichtigem Grund durch an\u00edgo, haftet der*die Kund*in f\u00fcr den Schaden, den an\u00edgo dadurch erleidet, dass anderweitige Veranstaltungen w\u00e4hrend des vertraglich vorgesehenen Zeitraums nicht hat durchf\u00fchren k\u00f6nnen. Die Geltendmachung eines dar\u00fcber hinausgehenden Schadens bleibt an\u00edgo ausdr\u00fccklich vorbehalten.<\/p>\n\n\n\n<p>Entstehen durch den von dem*der Kund*in verursachten Schaden Nutzungsausf\u00e4lle f\u00fcr an\u00edgo, so haftet der*die Kund*in nicht nur f\u00fcr den Schaden, sondern auch f\u00fcr die daraus resultierenden Erl\u00f6sausf\u00e4lle.<\/p>\n\n\n\n<h2 class=\"wp-block-heading\">6. R\u00fccktritt durch den*die Kund*in (Abbestellung, Stornierung) und Beanstandung<\/h2>\n\n\n\n<p>Der*die Kund*in kann bei einer Buchung bis 14 Tage vor Veranstaltungsbeginn kostenfrei vom Vertrag zur\u00fccktreten.<\/p>\n\n\n\n<p>Tritt der*die Kund*in innerhalb der 14 Tage vom Vertrag zur\u00fcck, so verpflichtet er sich, nachfolgende Stornogeb\u00fchr zu zahlen:<\/p>\n\n\n\n<p>ab dem 13. Tag vor dem gebuchten Termin (Veranstaltungsbeginn): 40% des vereinbarten Preises<\/p>\n\n\n\n<p>ab dem 9. Tag vor dem gebuchten Termin (Veranstaltungsbeginn): 60% des vereinbarten Preises<\/p>\n\n\n\n<p>ab dem 6. Tag vor dem gebuchten Termin (Veranstaltungsbeginn): 80% des vereinbarten Preises<\/p>\n\n\n\n<p>ab dem 3. Tag vor dem gebuchten Termin (Veranstaltungsbeginn): 100% des vereinbarten Preises<\/p>\n\n\n\n<p>Leistungen und Dienste Dritter, insbesondere durch die*den Kund*in beauftragte Leistungen und Dienste, werden dem*der Kund*in zu 100% weiter berechnet, sofern keine kostenfreie Stornierung mehr m\u00f6glich ist.<\/p>\n\n\n\n<p>Ma\u00dfgeblich f\u00fcr die Berechnung der oben genannten Fristen ist der Eingang der schriftlichen R\u00fccktrittserkl\u00e4rung bei an\u00edgo.<\/p>\n\n\n\n<p>Beanstandungen hinsichtlich erbrachter Leistungen oder Lieferungen sind von der*dem Kund*in unverz\u00fcglich am Veranstaltungstag an\u00edgo mitzuteilen. Sp\u00e4tere Beanstandungen k\u00f6nnen mangels Nachpr\u00fcfungsm\u00f6glichkeit nicht mehr akzeptiert werden.<\/p>\n\n\n\n<h2 class=\"wp-block-heading\">7. Datenschutz und Datenverarbeitung<\/h2>\n\n\n\n<p>Erg\u00e4nzend zu den AGB gelten die Datenschutzrichtlinien von an\u00edgo.<\/p>\n\n\n\n<p>Der*die Kund*in, der*die die Daten empf\u00e4ngt, verpflichtet sich, diese Daten nur f\u00fcr den genannten Zweck zu verwenden und dabei alle geltenden gesetzlichen Datenschutzbestimmungen einzuhalten.&nbsp;<\/p>\n\n\n\n<p>Sofern der*die Kund*in, der*die die Daten empf\u00e4ngt, gegen diese Bestimmungen verst\u00f6\u00dft, stellt er an\u00edgo von jeglicher daraus resultierender Haftung gegen\u00fcber Kund*innen und Dritten frei und erkl\u00e4rt sich damit einverstanden, an\u00edgo alle daraus entstehenden Sch\u00e4den zu ersetzen, einschlie\u00dflich angemessener Kosten der Rechtsverteidigung.<\/p>\n\n\n\n<h2 class=\"wp-block-heading\">8. Schlussbestimmungen<\/h2>\n\n\n\n<p>an\u00edgo beh\u00e4lt es sich vor, die AGB jederzeit ohne Nennung von Gr\u00fcnden zu \u00e4ndern, es sei denn, dies ist f\u00fcr den*die Kund*in nicht zumutbar. an\u00edgo wird den*die Kund*in \u00fcber \u00c4nderungen der AGB rechtzeitig benachrichtigen. Widerspricht der*die Kund*in nicht innerhalb von 2 Wochen, gelten die ge\u00e4nderten AGB als von dem*der Kund*in angenommen.<\/p>\n\n\n\n<p>Sollte eine der Klauseln dieser Allgemeinen Gesch\u00e4ftsbedingungen unwirksam sein, ber\u00fchrt dies nicht die Wirksamkeit der \u00fcbrigen Klauseln. F\u00fcr diesen Fall verpflichten sich die Parteien, anstelle der unwirksamen Klausel eine wirksame Regelung zu vereinbaren, die den in diesen Gesch\u00e4ftsbedingungen zum Ausdruck gekommenen Interessen der Parteien am n\u00e4chsten kommt.<\/p>\n\n\n\n<p>Vertragssprache ist Deutsch. Weitere Sprachen sind nur als \u00dcbersetzungshilfe zu sehen.<\/p>\n\n\n\n<p>Es gilt das Recht der Bundesrepublik Deutschland. Der Gerichtsstand ist der Sitz der an\u00edgo GmbH in Berlin.<\/p>\n\n\n\n<p>Der*die Kund*in ist zur Verschwiegenheit \u00fcber alle durch die Vereinbarung bekannt gewordenen Tatsachen verpflichtet. Das gilt auch f\u00fcr die zur Verf\u00fcgung gestellten oder in Zusammenarbeit entstandenen Unterlagen.<\/p>\n\n\n\n<p><br>Stand: 01.10.2024<\/p>","protected":false},"excerpt":{"rendered":"<p>Allgemeine Gesch\u00e4ftsbedingungen Allgemeine Gesch\u00e4ftsbedingungen des Unternehmens an\u00edgo GmbHUrbanstra\u00dfe 36, 10967 Berlin 1. Geltungsbereich Die nachfolgenden Allgemeinen Gesch\u00e4ftsbedingungen gelten f\u00fcr s\u00e4mtliche Leistungen der an\u00edgo GmbH, nachfolgend an\u00edgo genannt, die diese gegen\u00fcber ihren Vertragspartner*innen, nachfolgend Kund*innen (Kund*in) genannt, bei der Buchung von R\u00e4umen und Durchf\u00fchrung von Veranstaltungen erbringt.&nbsp; Abweichende Allgemeine Gesch\u00e4ftsbedingungen des*der Kund*in haben keine Geltung, es [&hellip;]<\/p>\n","protected":false},"author":1,"featured_media":0,"parent":0,"menu_order":0,"comment_status":"closed","ping_status":"closed","template":"wp-custom-template-default-2025-ohne-titel","meta":{"footnotes":""},"class_list":["post-434","page","type-page","status-publish","hentry"],"_links":{"self":[{"href":"https:\/\/anigo-berlin.de\/en\/wp-json\/wp\/v2\/pages\/434","targetHints":{"allow":["GET"]}}],"collection":[{"href":"https:\/\/anigo-berlin.de\/en\/wp-json\/wp\/v2\/pages"}],"about":[{"href":"https:\/\/anigo-berlin.de\/en\/wp-json\/wp\/v2\/types\/page"}],"author":[{"embeddable":true,"href":"https:\/\/anigo-berlin.de\/en\/wp-json\/wp\/v2\/users\/1"}],"replies":[{"embeddable":true,"href":"https:\/\/anigo-berlin.de\/en\/wp-json\/wp\/v2\/comments?post=434"}],"version-history":[{"count":6,"href":"https:\/\/anigo-berlin.de\/en\/wp-json\/wp\/v2\/pages\/434\/revisions"}],"predecessor-version":[{"id":1584,"href":"https:\/\/anigo-berlin.de\/en\/wp-json\/wp\/v2\/pages\/434\/revisions\/1584"}],"wp:attachment":[{"href":"https:\/\/anigo-berlin.de\/en\/wp-json\/wp\/v2\/media?parent=434"}],"curies":[{"name":"wp","href":"https:\/\/api.w.org\/{rel}","templated":true}]}}